{"id":155,"date":"2018-03-14T09:57:41","date_gmt":"2018-03-14T09:57:41","guid":{"rendered":"https:\/\/flyconsultingservice.it\/?page_id=155"},"modified":"2025-03-05T11:55:58","modified_gmt":"2025-03-05T11:55:58","slug":"home","status":"publish","type":"page","link":"https:\/\/flyconsultingservice.it\/en\/","title":{"rendered":"Home"},"content":{"rendered":"<div class=\"grve-section grve-row-section grve-fullwidth grve-bg-none grve-headings-light\"  style=\"background-color:#121722;color:rgb(255,255,255);color:rgba(255,255,255,0.8);\"><div class=\"grve-container\"><div class=\"grve-row grve-bookmark grve-columns-gap-none\"><div class=\"grve-column wpb_column grve-column-1\" ><div class=\"grve-column-wrapper\" ><div class=\"grve-element grve-split-content grve-fullscreen-size grve-media-left\" style=\" min-height:500px\">  <div class=\"grve-split-wrapper grve-media-wrapper grve-headings-primary-1 grve-text-primary-1\">    <div class=\"grve-wrapper-inner\">      <h2 class=\"grve-title grve-align-center grve-heading-color grve-h2 grve-custom-font-1 grve-increase-heading grve-heading-200 grve-split-title grve-split-size-medium\"><span>FlyConsulting Service<\/span><\/h2><div class=\"grve-content\">  <p class=\"grve-description grve-leader-text translation-block\">Let's build your future together without turbulence.<br>\nFeet on the ground<\/p><a href=\"https:\/\/private.flyconsultingservice.it\" class=\"grve-link-text grve-read-more custom-button-homepage\">Register<\/a><\/div>    <\/div><div class=\"grve-background-wrapper\">  <div class=\"grve-bg-image grve-bg-image-id-237 grve-bg-center-top\"   style=\"background-image: url(https:\/\/flyconsultingservice.it\/wp-content\/uploads\/2024\/12\/pilot-base-v2.jpg);\"><\/div><\/div>  <\/div>  <div class=\"grve-split-wrapper grve-content-wrapper\">    <div class=\"grve-wrapper-inner\">      <div class=\"grve-title grve-align-center grve-heading-color grve-h2 grve-custom-font-1 grve-increase-heading grve-heading-200 grve-split-title grve-split-size-medium\"><span>FlyConsulting Service<\/span><\/div><div class=\"grve-content\">  <p class=\"grve-description grve-leader-text translation-block\">Let's build your future together without turbulence.<br>\nFeet on the ground<\/p><a href=\"https:\/\/private.flyconsultingservice.it\" class=\"grve-link-text grve-read-more custom-button-homepage\">Register<\/a><\/div>    <\/div>  <\/div><\/div><\/div><\/div><\/div><\/div><div class=\"grve-background-wrapper\"><\/div><\/div><div class=\"grve-section grve-row-section grve-fullwidth-background grve-padding-top-6x grve-padding-bottom-6x grve-bg-none\" id=\"intro\"><div class=\"grve-container\"><div class=\"grve-row grve-bookmark grve-columns-gap-30\"><div class=\"grve-column wpb_column grve-column-1\" ><div class=\"grve-column-wrapper\" ><div class=\"grve-element grve-image grve-animated-item grve-duration-normal grve-zoom-in grve-align-center\" style=\"margin-bottom: 36px;\" data-delay=\"200\">  <div class=\"grve-image-wrapper\"><img loading=\"lazy\" decoding=\"async\" width=\"72\" height=\"89\" src=\"https:\/\/flyconsultingservice.it\/wp-content\/uploads\/2024\/11\/logo-intro.png\" class=\"attachment-large size-large\" alt=\"\" \/>   <\/div><\/div><h3 class=\"grve-element grve-title grve-align-center grve-animated-item grve-duration-normal grve-fade-in-up grve-h2\" style=\"margin-bottom: 30px;\" data-delay=\"400\"><span>Welcome to our offices<\/span><\/h3><div class=\"grve-element grve-title grve-align-center grve-animated-item grve-duration-normal grve-fade-in-up grve-leader-text\" style=\"margin-bottom: 0px;\" data-delay=\"500\"><span>Fly Consulting Service nasce dalla passione per l&#8217;aviazione del suo fondatore, Federico, pilota di linea con anni di esperienza alle spalle. Durante la sua carriera, ha incontrato piloti di diverse nazionalit\u00e0, confrontandosi con le loro diverse problematiche fiscali e finanziarie. Da qui l&#8217;idea di creare Fly Consulting Service: un punto di riferimento per i piloti che cercano una consulenza specializzata per gestire al meglio il proprio patrimonio e pianificare il futuro con serenit\u00e0. Oggi, il nostro team di esperti, composto da piloti di linea, consulenti finanziari e legali, fornisce un servizio completo e personalizzato. Ci\u00f2 che ci contraddistingue \u00e8 la profonda conoscenza del settore, la rete di contatti internazionali e la capacit\u00e0 di offrire soluzioni innovative e su misura. Contattaci per scoprire come possiamo aiutarti a raggiungere i tuoi obiettivi finanziari e a volare verso un futuro sereno.<\/span><\/div><div class=\"grve-empty-space grve-height-2x\" style=\"\"><\/div><div class=\"grve-element grve-align-center grve-animated-item grve-fade-in-up grve-duration-normal grve-fluid-button\" data-delay=\"900\"><a href=\"https:\/\/private.flyconsultingservice.it\" class=\"grve-btn grve-btn-small grve-shadow-medium grve-square grve-bg-primary-1 grve-bg-hover-black\" style=\"max-width: 220px;\"><span>Register<\/span><\/a><\/div><\/div><\/div><\/div><\/div><div class=\"grve-background-wrapper\"><\/div><\/div><div class=\"grve-section grve-row-section grve-fullwidth grve-bg-none\"  style=\"background-color:#f7f7f7;\"><div class=\"grve-container\"><div class=\"grve-row grve-bookmark grve-columns-gap-none\"><div class=\"grve-column wpb_column grve-column-1-2 grve-headings-primary-1 grve-clipping-animation grve-colored-clipping-left grve-colored-clipping\"  style=\"color:#ffffff;\"  data-delay=\"600\"  data-clipping-color=\"primary-1\" ><div class=\"grve-column-wrapper vc_custom_1733474516708 grve-flex grve-flex-position-middle\" ><div class=\"grve-column-content\"><h3 class=\"grve-element grve-title grve-align-left grve-h2\" style=\"\"><span>Asset Management<\/span><\/h3><div class=\"grve-element grve-text grve-leader-text homepage-square vc_custom_1737548563575\">\r\n\t\t\t<p>Asset management to achieve financial goals, with a diversified portfolio.<\/p>\n\r\n\t\t<\/div>\r\n\t<\/div><\/div><\/div><div class=\"grve-column wpb_column grve-column-1-2 grve-clipping-animation grve-colored-clipping-right grve-colored-clipping\"  data-delay=\"400\"  data-clipping-color=\"primary-2\" ><div class=\"grve-column-wrapper vc_custom_1733474532667\" ><h3 class=\"grve-element grve-title grve-align-left grve-h2\" style=\"\"><span>Tax Consulting<\/span><\/h3><div class=\"grve-element grve-text grve-leader-text homepage-square\">\r\n\t\t\t<p>Tax counseling, tax returns, assistance for naval personnel and relationship with PA.<\/p>\n\r\n\t\t<\/div>\r\n\t<\/div><\/div><\/div><\/div><div class=\"grve-background-wrapper\"><\/div><\/div><div class=\"grve-section grve-row-section grve-fullwidth grve-bg-none\"  style=\"background-color:#f7f7f7;\"><div class=\"grve-container\"><div class=\"grve-row grve-bookmark grve-columns-gap-none\"><div class=\"grve-column wpb_column grve-column-1-2 grve-clipping-animation grve-colored-clipping-right grve-colored-clipping\"  data-delay=\"400\"  data-clipping-color=\"primary-2\" ><div class=\"grve-column-wrapper vc_custom_1733474730543\" ><h3 class=\"grve-element grve-title grve-align-left grve-h2\" style=\"\"><span>Social Security Counseling<\/span><\/h3><div class=\"grve-element grve-text grve-leader-text homepage-square vc_custom_1737548578192\">\r\n\t\t\t<p>Retirement planning and choice of retirement funds for adequate income.<\/p>\n\r\n\t\t<\/div>\r\n\t<\/div><\/div><div class=\"grve-column wpb_column grve-column-1-2 grve-headings-primary-1 grve-clipping-animation grve-colored-clipping-left grve-colored-clipping\"  style=\"color:#ffffff;\"  data-delay=\"600\"  data-clipping-color=\"primary-1\" ><div class=\"grve-column-wrapper vc_custom_1733474559143\" ><h3 class=\"grve-element grve-title grve-align-left grve-h2\" style=\"\"><span>Other Services<\/span><\/h3><div class=\"grve-element grve-text grve-leader-text homepage-square\">\r\n\t\t\t<p>Supporto nell&#8217;acquisto di immobili, con assistenza legale e fiscale.<\/p>\n\r\n\t\t<\/div>\r\n\t<\/div><\/div><\/div><\/div><div class=\"grve-background-wrapper\"><\/div><\/div><div class=\"grve-section grve-row-section grve-fullwidth-background grve-padding-top-4x grve-padding-bottom-3x grve-bg-none\"><div class=\"grve-container\"><div class=\"grve-row grve-bookmark grve-columns-gap-30\"><div class=\"grve-column wpb_column grve-column-1-6\" ><div class=\"grve-column-wrapper\" ><\/div><\/div><div class=\"grve-column wpb_column grve-column-2-3\" ><div class=\"grve-column-wrapper\" ><h3 class=\"grve-element grve-title grve-align-center grve-h3\" style=\"margin-bottom: 30px;\"><span>\u201cTu meriti di collaborare con persone che ti capiscano\u201d<\/span><\/h3><div class=\"grve-element grve-text grve-leader-text\">\r\n\t\t\t<p style=\"text-align: center;\">Ti senti incompreso? Non sei il solo. Ogni giorno affrontiamo le tue stesse sfide, dalla gestione del tempo alla ricerca di sicurezza. Ecco perch\u00e9 abbiamo creato uno spazio dove condividere soluzioni pratiche, consigli utili e il supporto di una community che ti capisce. Unisciti a noi per semplificare la tua vita!<\/p>\n\r\n\t\t<\/div>\r\n\t<div class=\"grve-empty-space grve-height-1x\" style=\"\"><\/div><div class=\"grve-element grve-image grve-align-center\" style=\"\">  <div class=\"grve-image-wrapper\"><img loading=\"lazy\" decoding=\"async\" width=\"150\" height=\"150\" src=\"https:\/\/flyconsultingservice.it\/wp-content\/uploads\/2024\/12\/FlyFirm_2-150x150.png\" class=\"attachment-thumbnail size-thumbnail\" alt=\"\" srcset=\"https:\/\/flyconsultingservice.it\/wp-content\/uploads\/2024\/12\/FlyFirm_2-150x150.png 150w, https:\/\/flyconsultingservice.it\/wp-content\/uploads\/2024\/12\/FlyFirm_2-300x300.png 300w, https:\/\/flyconsultingservice.it\/wp-content\/uploads\/2024\/12\/FlyFirm_2-100x100.png 100w, https:\/\/flyconsultingservice.it\/wp-content\/uploads\/2024\/12\/FlyFirm_2-600x600.png 600w, https:\/\/flyconsultingservice.it\/wp-content\/uploads\/2024\/12\/FlyFirm_2-768x768.png 768w, https:\/\/flyconsultingservice.it\/wp-content\/uploads\/2024\/12\/FlyFirm_2-560x560.png 560w, https:\/\/flyconsultingservice.it\/wp-content\/uploads\/2024\/12\/FlyFirm_2-900x900.png 900w, https:\/\/flyconsultingservice.it\/wp-content\/uploads\/2024\/12\/FlyFirm_2.png 1024w\" sizes=\"auto, (max-width: 150px) 100vw, 150px\" \/>   <\/div><\/div><\/div><\/div><div class=\"grve-column wpb_column grve-column-1-6\" ><div class=\"grve-column-wrapper\" ><\/div><\/div><\/div><\/div><div class=\"grve-background-wrapper\"><\/div><\/div>","protected":false},"excerpt":{"rendered":"FlyConsulting Service Costruiamo insieme il tuo futuro senza turbolenze. Piedi a terraRegistrati FlyConsulting Service Costruiamo insieme il tuo futuro senza turbolenze. Piedi a terraRegistrati Benvenuti nei nostri ufficiFly Consulting Service nasce dalla passione per l'aviazione del suo fondatore, Federico, pilota di linea con anni di esperienza alle spalle. Durante la sua carriera, ha incontrato piloti [...]","protected":false},"author":1,"featured_media":0,"parent":0,"menu_order":0,"comment_status":"closed","ping_status":"closed","template":"","meta":{"content-type":"","footnotes":""},"class_list":["post-155","page","type-page","status-publish","hentry"],"_links":{"self":[{"href":"https:\/\/flyconsultingservice.it\/en\/wp-json\/wp\/v2\/pages\/155","targetHints":{"allow":["GET"]}}],"collection":[{"href":"https:\/\/flyconsultingservice.it\/en\/wp-json\/wp\/v2\/pages"}],"about":[{"href":"https:\/\/flyconsultingservice.it\/en\/wp-json\/wp\/v2\/types\/page"}],"author":[{"embeddable":true,"href":"https:\/\/flyconsultingservice.it\/en\/wp-json\/wp\/v2\/users\/1"}],"replies":[{"embeddable":true,"href":"https:\/\/flyconsultingservice.it\/en\/wp-json\/wp\/v2\/comments?post=155"}],"version-history":[{"count":5,"href":"https:\/\/flyconsultingservice.it\/en\/wp-json\/wp\/v2\/pages\/155\/revisions"}],"predecessor-version":[{"id":349,"href":"https:\/\/flyconsultingservice.it\/en\/wp-json\/wp\/v2\/pages\/155\/revisions\/349"}],"wp:attachment":[{"href":"https:\/\/flyconsultingservice.it\/en\/wp-json\/wp\/v2\/media?parent=155"}],"curies":[{"name":"wp","href":"https:\/\/api.w.org\/{rel}","templated":true}]}}