{"id":157,"date":"2018-03-14T09:58:06","date_gmt":"2018-03-14T09:58:06","guid":{"rendered":"https:\/\/flyconsultingservice.it\/?page_id=157"},"modified":"2025-03-12T16:35:57","modified_gmt":"2025-03-12T16:35:57","slug":"about","status":"publish","type":"page","link":"https:\/\/flyconsultingservice.it\/it_it\/about\/","title":{"rendered":"About"},"content":{"rendered":"<div class=\"grve-section grve-row-section grve-fullwidth grve-bg-none\"  style=\"background-color:#f7f7f7;\"><div class=\"grve-container\"><div class=\"grve-row grve-bookmark grve-columns-gap-none\"><div class=\"grve-column wpb_column grve-column-1\" ><div class=\"grve-column-wrapper\" ><div class=\"grve-element grve-split-content grve-large-size grve-media-left\" style=\" min-height:500px\">  <div class=\"grve-split-wrapper grve-media-wrapper grve-headings-white grve-text-white\">    <div class=\"grve-wrapper-inner\">      <h1 class=\"grve-title grve-align-center grve-heading-color grve-h1 grve-custom-font-1 grve-increase-heading grve-heading-250 grve-split-title grve-split-size-large\"><span>Chi Siamo<\/span><\/h1>    <\/div><div class=\"grve-background-wrapper\">  <div class=\"grve-bg-image grve-bg-image-id-237 grve-bg-center-center\"   style=\"background-image: url(https:\/\/flyconsultingservice.it\/wp-content\/uploads\/2024\/12\/pilot-base-v2.jpg);\"><\/div>  <div class=\"grve-bg-overlay grve-bg-primary-2 grve-opacity-80\"><\/div><\/div>  <\/div>  <div class=\"grve-split-wrapper grve-content-wrapper\">    <div class=\"grve-wrapper-inner\">      <div class=\"grve-title grve-align-center grve-heading-color grve-h1 grve-custom-font-1 grve-increase-heading grve-heading-250 grve-split-title grve-split-size-large\"><span>Chi Siamo<\/span><\/div>    <\/div>  <\/div><\/div><\/div><\/div><\/div><\/div><div class=\"grve-background-wrapper\"><\/div><\/div><div class=\"grve-section grve-row-section grve-fullwidth-background grve-bg-none\"><div class=\"grve-container\"><div class=\"grve-row grve-bookmark grve-columns-gap-none\"><div class=\"grve-column wpb_column grve-column-1-2 grve-headings-light grve-custom-position grve-top-minus-3x grve-clipping-animation grve-clipping-right\"  style=\"color:#ffffff;\"  data-delay=\"600\" ><div class=\"grve-column-wrapper vc_custom_1738316395417 padding-bottom-custom\" ><div class=\"grve-empty-space grve-height-2x\" style=\"\"><\/div><h2 class=\"grve-element grve-title grve-align-left grve-h4\" style=\"\"><span>Da pilota a pilota<\/span><\/h2><div class=\"grve-element grve-text chisiamo-square\">\r\n\t\t\t<p>Esperti nel settore dell&#8217;aviazione, da pilota a pilota, per supportare il tuo futuro<\/p>\n\r\n\t\t<\/div>\r\n\t<div class=\"grve-empty-space grve-height-2x\" style=\"\"><\/div><\/div><\/div><div class=\"grve-column wpb_column grve-column-1-2 grve-headings-light grve-custom-position grve-top-minus-3x grve-clipping-animation grve-clipping-left\"  style=\"color:#ffffff;\"  data-delay=\"600\" ><div class=\"grve-column-wrapper vc_custom_1741794692751 padding-bottom-custom elm2\" ><div class=\"grve-empty-space grve-height-2x\" style=\"\"><\/div><h2 class=\"grve-element grve-title grve-align-left grve-h4\" style=\"\"><span>Pronti ad ascoltare<\/span><\/h2><div class=\"grve-element grve-text chisiamo-square\">\r\n\t\t\t<p>Capiamo le tue esigenze, parliamo la tua stessa lingua: siamo pronti ad ascoltare.<\/p>\n\r\n\t\t<\/div>\r\n\t<div class=\"grve-empty-space grve-height-2x\" style=\"\"><\/div><\/div><\/div><\/div><\/div><div class=\"grve-background-wrapper\"><\/div><\/div><div class=\"grve-section grve-row-section grve-fullwidth-background grve-padding-top-3x grve-padding-bottom-3x grve-bg-none\"><div class=\"grve-container\"><div class=\"grve-row grve-bookmark grve-columns-gap-30\"><div class=\"grve-column wpb_column grve-column-1 grve-custom-position grve-top-minus-2x\" ><div class=\"grve-column-wrapper\" ><div class=\"grve-element grve-text grve-leader-text\">\r\n\t\t\t<p class=\"grve-element grve-title grve-align-center grve-animated-item grve-duration-normal grve-fade-in-up grve-subtitle-text grve-animated\" data-delay=\"500\">Fly Consulting Service nasce dalla passione per l\u2019aviazione del suo fondatore, Federico, pilota di linea con anni di esperienza alle spalle. Durante la sua carriera, ha incontrato piloti di diverse nazionalit\u00e0, confrontandosi con le loro diverse problematiche fiscali e finanziarie. Da qui l\u2019idea di creare Fly Consulting Service: un punto di riferimento per i piloti che cercano una consulenza specializzata per gestire al meglio il proprio patrimonio e pianificare il futuro con serenit\u00e0. Oggi, il nostro team di esperti, composto da piloti di linea, consulenti finanziari e legali, fornisce un servizio completo e personalizzato. Ci\u00f2 che ci contraddistingue \u00e8 la profonda conoscenza del settore, la rete di contatti internazionali e la capacit\u00e0 di offrire soluzioni innovative e su misura. Contattaci per scoprire come possiamo aiutarti a raggiungere i tuoi obiettivi finanziari e a volare verso un futuro sereno.<\/p>\n\r\n\t\t<\/div>\r\n\t<\/div><\/div><\/div><\/div><div class=\"grve-background-wrapper\"><\/div><\/div><div class=\"grve-section grve-row-section grve-fullwidth-background grve-padding-top-6x grve-padding-bottom-6x grve-bg-none grve-headings-light\"  style=\"background-color:#121722;color:#ffffff;\"><div class=\"grve-container\"><div class=\"grve-row grve-bookmark grve-columns-gap-30\"><div class=\"grve-column wpb_column grve-column-1\" ><div class=\"grve-column-wrapper\" ><h3 class=\"grve-element grve-title grve-align-center grve-h3\" style=\"\"><span>Non siamo SOLI<\/span><\/h3><div class=\"grve-element grve-text grve-leader-text\">\r\n\t\t\t<p style=\"text-align: center;\">Un team unito condivide obiettivi comuni e lavora all&#8217;unisono per raggiungerli.<\/p>\n\r\n\t\t<\/div>\r\n\t<\/div><\/div><div class=\"grve-column wpb_column grve-column-1\" ><div class=\"grve-column-wrapper\" ><div class=\"grve-empty-space grve-height-3x\" style=\"\"><\/div><\/div><\/div><div class=\"grve-column wpb_column grve-column-1-3 grve-headings-primary-1 grve-clipping-animation grve-clipping-up\"  data-delay=\"600\" ><div class=\"grve-column-wrapper\" >\r\n\t\t\t\t<div class=\"grve-team grve-element grve-layout-1 max-heigth\" style=\"\">\r\n\t\t\t<figure class=\"grve-image-hover grve-zoom-none\">\r\n\t\t\t\t<a href=\"https:\/\/private.flyconsultingservice.it\" class=\"grve-team-url\"><\/a>\t\t\t\t<div class=\"grve-team-person\">\r\n\t\t\t\t\t<div class=\"grve-bg-primary-2 grve-hover-overlay grve-opacity-90\"><\/div>\r\n\t\t\t\t\t<img loading=\"lazy\" decoding=\"async\" width=\"208\" height=\"300\" src=\"https:\/\/flyconsultingservice.it\/wp-content\/uploads\/2024\/12\/fcsRisorsa-2a-208x300.png\" class=\"attachment-medium size-medium\" alt=\"\" srcset=\"https:\/\/flyconsultingservice.it\/wp-content\/uploads\/2024\/12\/fcsRisorsa-2a-208x300.png 208w, https:\/\/flyconsultingservice.it\/wp-content\/uploads\/2024\/12\/fcsRisorsa-2a-710x1024.png 710w, https:\/\/flyconsultingservice.it\/wp-content\/uploads\/2024\/12\/fcsRisorsa-2a-768x1108.png 768w, https:\/\/flyconsultingservice.it\/wp-content\/uploads\/2024\/12\/fcsRisorsa-2a-1065x1536.png 1065w, https:\/\/flyconsultingservice.it\/wp-content\/uploads\/2024\/12\/fcsRisorsa-2a-600x865.png 600w, https:\/\/flyconsultingservice.it\/wp-content\/uploads\/2024\/12\/fcsRisorsa-2a.png 1201w\" sizes=\"auto, (max-width: 208px) 100vw, 208px\" \/>\t\t\t\t<\/div>\r\n\t\t\t\t<figcaption>\r\n\t\t\t\t\t<ul class=\"grve-team-social grve-align-center\">\r\n\t\t\t\t\t\t\t\t\t\t\t<\/ul>\r\n\t\t\t\t<\/figcaption>\r\n\t\t\t<\/figure>\r\n\t\t\t<div class=\"grve-team-description grve-align-center\">\r\n\t\t\t\t\t\t\t\t<div class=\"grve-team-identity grve-link-text\">Il mediatore<\/div>\r\n\t\t\t\t\t\t\t\t\t\t\t\t<a href=\"https:\/\/private.flyconsultingservice.it\">\r\n\t\t\t\t\t\t\t\t<h3 class=\"grve-team-name grve-text-hover-primary-1 grve-h6\">Fly Consulting Service<\/h3>\r\n\t\t\t\t\t\t\t\t<\/a>\r\n\t\t\t\t\t\t\t<\/div>\r\n\t\t<\/div>\r\n\t\t\r\n\t\t<\/div><\/div><div class=\"grve-column wpb_column grve-column-1-3 grve-headings-primary-1 grve-clipping-animation grve-clipping-up\"  data-delay=\"800\" ><div class=\"grve-column-wrapper\" >\r\n\t\t\t\t<div class=\"grve-team grve-element grve-layout-1 max-heigth\" style=\"\">\r\n\t\t\t<figure class=\"grve-image-hover grve-zoom-none\">\r\n\t\t\t\t<a href=\"https:\/\/www.mortandello.com\/lostudio\/\" class=\"grve-team-url\"><\/a>\t\t\t\t<div class=\"grve-team-person\">\r\n\t\t\t\t\t<div class=\"grve-bg-primary-2 grve-hover-overlay grve-opacity-90\"><\/div>\r\n\t\t\t\t\t<img loading=\"lazy\" decoding=\"async\" width=\"875\" height=\"873\" src=\"https:\/\/flyconsultingservice.it\/wp-content\/uploads\/2024\/12\/Logo-02.png\" class=\"attachment-large size-large\" alt=\"\" srcset=\"https:\/\/flyconsultingservice.it\/wp-content\/uploads\/2024\/12\/Logo-02.png 875w, https:\/\/flyconsultingservice.it\/wp-content\/uploads\/2024\/12\/Logo-02-300x300.png 300w, https:\/\/flyconsultingservice.it\/wp-content\/uploads\/2024\/12\/Logo-02-150x150.png 150w, https:\/\/flyconsultingservice.it\/wp-content\/uploads\/2024\/12\/Logo-02-768x766.png 768w, https:\/\/flyconsultingservice.it\/wp-content\/uploads\/2024\/12\/Logo-02-560x560.png 560w, https:\/\/flyconsultingservice.it\/wp-content\/uploads\/2024\/12\/Logo-02-600x599.png 600w, https:\/\/flyconsultingservice.it\/wp-content\/uploads\/2024\/12\/Logo-02-100x100.png 100w\" sizes=\"auto, (max-width: 875px) 100vw, 875px\" \/>\t\t\t\t<\/div>\r\n\t\t\t\t<figcaption>\r\n\t\t\t\t\t<ul class=\"grve-team-social grve-align-center\">\r\n\t\t\t\t\t\t\t\t\t\t\t<\/ul>\r\n\t\t\t\t<\/figcaption>\r\n\t\t\t<\/figure>\r\n\t\t\t<div class=\"grve-team-description grve-align-center\">\r\n\t\t\t\t\t\t\t\t<div class=\"grve-team-identity grve-link-text\">Partner<\/div>\r\n\t\t\t\t\t\t\t\t\t\t\t\t<a href=\"https:\/\/www.mortandello.com\/lostudio\/\">\r\n\t\t\t\t\t\t\t\t<h3 class=\"grve-team-name grve-text-hover-primary-1 grve-h6\">Studio Mortandello<\/h3>\r\n\t\t\t\t\t\t\t\t<\/a>\r\n\t\t\t\t\t\t\t<\/div>\r\n\t\t<\/div>\r\n\t\t\r\n\t\t<\/div><\/div><div class=\"grve-column wpb_column grve-column-1-3 grve-headings-primary-1 grve-clipping-animation grve-clipping-up\"  data-delay=\"1000\" ><div class=\"grve-column-wrapper\" >\r\n\t\t\t\t<div class=\"grve-team grve-element grve-layout-1 max-heigth\" style=\"\">\r\n\t\t\t<figure class=\"grve-image-hover grve-zoom-none\">\r\n\t\t\t\t<a href=\"https:\/\/www.azimut.it\/\" class=\"grve-team-url\"><\/a>\t\t\t\t<div class=\"grve-team-person\">\r\n\t\t\t\t\t<div class=\"grve-bg-primary-2 grve-hover-overlay grve-opacity-90\"><\/div>\r\n\t\t\t\t\t<img loading=\"lazy\" decoding=\"async\" width=\"800\" height=\"800\" src=\"https:\/\/flyconsultingservice.it\/wp-content\/uploads\/2024\/12\/20240902_Logo_Alberto-Loro.png\" class=\"attachment-large size-large\" alt=\"\" srcset=\"https:\/\/flyconsultingservice.it\/wp-content\/uploads\/2024\/12\/20240902_Logo_Alberto-Loro.png 800w, https:\/\/flyconsultingservice.it\/wp-content\/uploads\/2024\/12\/20240902_Logo_Alberto-Loro-300x300.png 300w, https:\/\/flyconsultingservice.it\/wp-content\/uploads\/2024\/12\/20240902_Logo_Alberto-Loro-150x150.png 150w, https:\/\/flyconsultingservice.it\/wp-content\/uploads\/2024\/12\/20240902_Logo_Alberto-Loro-768x768.png 768w, https:\/\/flyconsultingservice.it\/wp-content\/uploads\/2024\/12\/20240902_Logo_Alberto-Loro-560x560.png 560w, https:\/\/flyconsultingservice.it\/wp-content\/uploads\/2024\/12\/20240902_Logo_Alberto-Loro-600x600.png 600w, https:\/\/flyconsultingservice.it\/wp-content\/uploads\/2024\/12\/20240902_Logo_Alberto-Loro-100x100.png 100w\" sizes=\"auto, (max-width: 800px) 100vw, 800px\" \/>\t\t\t\t<\/div>\r\n\t\t\t\t<figcaption>\r\n\t\t\t\t\t<ul class=\"grve-team-social grve-align-center\">\r\n\t\t\t\t\t\t\t\t\t\t\t<\/ul>\r\n\t\t\t\t<\/figcaption>\r\n\t\t\t<\/figure>\r\n\t\t\t<div class=\"grve-team-description grve-align-center\">\r\n\t\t\t\t\t\t\t\t<div class=\"grve-team-identity grve-link-text\">Partner<\/div>\r\n\t\t\t\t\t\t\t\t\t\t\t\t<a href=\"https:\/\/www.azimut.it\/\">\r\n\t\t\t\t\t\t\t\t<h3 class=\"grve-team-name grve-text-hover-primary-1 grve-h6\">Azimut<\/h3>\r\n\t\t\t\t\t\t\t\t<\/a>\r\n\t\t\t\t\t\t\t<\/div>\r\n\t\t<\/div>\r\n\t\t\r\n\t\t<\/div><\/div><\/div><\/div><div class=\"grve-background-wrapper\"><\/div><\/div><div class=\"grve-section grve-row-section grve-fullwidth-background grve-padding-top-2x grve-padding-bottom-2x grve-bg-none grve-headings-light\"  style=\"background-color:#cf9450;color:#ffffff;\"><div class=\"grve-container\"><div class=\"grve-row grve-bookmark grve-columns-gap-30\"><div class=\"grve-column wpb_column grve-column-1-4 grve-align-center\" ><div class=\"grve-column-wrapper\" ><\/div><\/div><div class=\"grve-column wpb_column grve-column-1-2\" ><div class=\"grve-column-wrapper div-center\" ><div class=\"grve-element grve-callout text-center grve-btn-right\" style=\"\">  <div class=\"grve-callout-wrapper\"><h2 class=\"grve-callout-content grve-h4\">Iniziamo a collaborare<\/h2>  <\/div>  <div class=\"grve-button-wrapper\"><a href=\"https:\/\/private.flyconsultingservice.it\" title=\"Contact\" class=\"grve-btn grve-btn-medium grve-square grve-bg-primary-2 grve-bg-hover-white\"><span>Registrati<\/span><\/a>  <\/div><\/div><\/div><\/div><div class=\"grve-column wpb_column grve-column-1-4\" ><div class=\"grve-column-wrapper\" ><\/div><\/div><\/div><\/div><div class=\"grve-background-wrapper\"><\/div><\/div>\n","protected":false},"excerpt":{"rendered":"Chi Siamo Chi Siamo Da pilota a pilota Esperti nel settore dell'aviazione, da pilota a pilota, per supportare il tuo futuro Pronti ad ascoltare Capiamo le tue esigenze, parliamo la tua stessa lingua: siamo pronti ad ascoltare. Fly Consulting Service nasce dalla passione per l\u2019aviazione del suo fondatore, Federico, pilota di linea con anni di [...]","protected":false},"author":1,"featured_media":0,"parent":0,"menu_order":0,"comment_status":"closed","ping_status":"closed","template":"","meta":{"content-type":"","footnotes":""},"class_list":["post-157","page","type-page","status-publish","hentry"],"_links":{"self":[{"href":"https:\/\/flyconsultingservice.it\/it_it\/wp-json\/wp\/v2\/pages\/157","targetHints":{"allow":["GET"]}}],"collection":[{"href":"https:\/\/flyconsultingservice.it\/it_it\/wp-json\/wp\/v2\/pages"}],"about":[{"href":"https:\/\/flyconsultingservice.it\/it_it\/wp-json\/wp\/v2\/types\/page"}],"author":[{"embeddable":true,"href":"https:\/\/flyconsultingservice.it\/it_it\/wp-json\/wp\/v2\/users\/1"}],"replies":[{"embeddable":true,"href":"https:\/\/flyconsultingservice.it\/it_it\/wp-json\/wp\/v2\/comments?post=157"}],"version-history":[{"count":5,"href":"https:\/\/flyconsultingservice.it\/it_it\/wp-json\/wp\/v2\/pages\/157\/revisions"}],"predecessor-version":[{"id":353,"href":"https:\/\/flyconsultingservice.it\/it_it\/wp-json\/wp\/v2\/pages\/157\/revisions\/353"}],"wp:attachment":[{"href":"https:\/\/flyconsultingservice.it\/it_it\/wp-json\/wp\/v2\/media?parent=157"}],"curies":[{"name":"wp","href":"https:\/\/api.w.org\/{rel}","templated":true}]}}